

{"id":64,"date":"2019-04-26T13:44:13","date_gmt":"2019-04-26T13:44:13","guid":{"rendered":"http:\/\/www.gfaop.org\/institut\/?page_id=64"},"modified":"2020-02-10T04:19:04","modified_gmt":"2020-02-10T04:19:04","slug":"pourquoi-un-institut-de-formation-a-dakar","status":"publish","type":"page","link":"https:\/\/www.gfaop.org\/institut\/pourquoi-un-institut-de-formation-a-dakar\/","title":{"rendered":"Pourquoi un institut de formation \u00e0 Dakar"},"content":{"rendered":"\t\t<div data-elementor-type=\"wp-post\" data-elementor-id=\"64\" class=\"elementor elementor-64\">\n\t\t\t\t\t\t\t\t\t<section class=\"elementor-section elementor-top-section elementor-element elementor-element-7f2295f elementor-section-boxed elementor-section-height-default elementor-section-height-default\" data-id=\"7f2295f\" data-element_type=\"section\">\n\t\t\t\t\t\t<div class=\"elementor-container elementor-column-gap-default\">\n\t\t\t\t\t<div class=\"elementor-column elementor-col-100 elementor-top-column elementor-element elementor-element-a2e5c03\" data-id=\"a2e5c03\" data-element_type=\"column\">\n\t\t\t<div class=\"elementor-widget-wrap elementor-element-populated\">\n\t\t\t\t\t\t\t\t<div class=\"elementor-element elementor-element-616c844 elementor-widget elementor-widget-spacer\" data-id=\"616c844\" data-element_type=\"widget\" data-widget_type=\"spacer.default\">\n\t\t\t\t<div class=\"elementor-widget-container\">\n\t\t\t\t\t<div class=\"elementor-spacer\">\n\t\t\t<div class=\"elementor-spacer-inner\"><\/div>\n\t\t<\/div>\n\t\t\t\t<\/div>\n\t\t\t\t<\/div>\n\t\t\t\t<section class=\"elementor-section elementor-inner-section elementor-element elementor-element-1c59bc0 elementor-section-boxed elementor-section-height-default elementor-section-height-default\" data-id=\"1c59bc0\" data-element_type=\"section\">\n\t\t\t\t\t\t<div class=\"elementor-container elementor-column-gap-default\">\n\t\t\t\t\t<div class=\"elementor-column elementor-col-50 elementor-inner-column elementor-element elementor-element-7de1d9a\" data-id=\"7de1d9a\" data-element_type=\"column\">\n\t\t\t<div class=\"elementor-widget-wrap elementor-element-populated\">\n\t\t\t\t\t\t\t\t<div class=\"elementor-element elementor-element-ba4344f elementor-widget elementor-widget-heading\" data-id=\"ba4344f\" data-element_type=\"widget\" data-widget_type=\"heading.default\">\n\t\t\t\t<div class=\"elementor-widget-container\">\n\t\t\t<h2 class=\"elementor-heading-title elementor-size-default\">Pourquoi un institut \u00e0 Dakar ?<\/h2>\t\t<\/div>\n\t\t\t\t<\/div>\n\t\t\t\t<div class=\"elementor-element elementor-element-7c36fb4 elementor-widget elementor-widget-text-editor\" data-id=\"7c36fb4\" data-element_type=\"widget\" data-widget_type=\"text-editor.default\">\n\t\t\t\t<div class=\"elementor-widget-container\">\n\t\t\t\t\t\t\t<p>Depuis la cr\u00e9ation du GFAOP, il \u00e9tait souhait\u00e9 que certaines formations puissent \u00eatre recentralis\u00e9es en Afrique. La premi\u00e8re formation diplomante initi\u00e9e par le GFAOP a \u00e9t\u00e9 la cr\u00e9ation d&#8217;un double dipl\u00f4me franco-marocain de canc\u00e9rologie p\u00e9diatrique \u00e9tablit entre les facult\u00e9s de Paris-Sud et de Rabat visant \u00e0 former les futurs onco-p\u00e9diatres africains. Ce programme en est \u00e0 sa quatri\u00e8me promotion. <\/p><p>Pour r\u00e9pondre \u00e0 une demande croissante en ressources humaines et \u00eatre au plus pr\u00e8s des besoins il a \u00e9t\u00e9 propos\u00e9 de cr\u00e9er un Institut de formation au S\u00e9n\u00e9gal, lieu historique des formations m\u00e9dicales pour la r\u00e9gion. La Facult\u00e9 de Dakar accueille d&#8217; autres formations autour de la sant\u00e9 m\u00e8re-enfant et elle est reconnue comme p\u00f4le de formation par les autorit\u00e9s de sant\u00e9 que sont l&#8217;OOAS (Organisation Ouest Africaine de la Sant\u00e9) et le CAMES (Conseil africain et malgache pour l&#8217;enseignement sup\u00e9rieur).<\/p>\t\t\t\t\t\t<\/div>\n\t\t\t\t<\/div>\n\t\t\t\t\t<\/div>\n\t\t<\/div>\n\t\t\t\t<div class=\"elementor-column elementor-col-50 elementor-inner-column elementor-element elementor-element-b6afff8\" data-id=\"b6afff8\" data-element_type=\"column\">\n\t\t\t<div class=\"elementor-widget-wrap elementor-element-populated\">\n\t\t\t\t\t\t\t\t<div class=\"elementor-element elementor-element-f479a26 elementor-widget elementor-widget-image\" data-id=\"f479a26\" data-element_type=\"widget\" data-widget_type=\"image.default\">\n\t\t\t\t<div class=\"elementor-widget-container\">\n\t\t\t\t\t\t\t\t\t\t\t\t\t\t\t<img decoding=\"async\" loading=\"lazy\" width=\"800\" height=\"600\" src=\"https:\/\/www.gfaop.org\/institut\/wp-content\/uploads\/sites\/3\/2020\/02\/pourquoi-un-institut.jpg\" class=\"attachment-large size-large wp-image-539\" alt=\"\" srcset=\"https:\/\/www.gfaop.org\/institut\/wp-content\/uploads\/sites\/3\/2020\/02\/pourquoi-un-institut.jpg 800w, https:\/\/www.gfaop.org\/institut\/wp-content\/uploads\/sites\/3\/2020\/02\/pourquoi-un-institut-300x225.jpg 300w, https:\/\/www.gfaop.org\/institut\/wp-content\/uploads\/sites\/3\/2020\/02\/pourquoi-un-institut-768x576.jpg 768w\" sizes=\"(max-width: 800px) 100vw, 800px\" \/>\t\t\t\t\t\t\t\t\t\t\t\t\t\t\t<\/div>\n\t\t\t\t<\/div>\n\t\t\t\t\t<\/div>\n\t\t<\/div>\n\t\t\t\t\t\t\t<\/div>\n\t\t<\/section>\n\t\t\t\t\t<\/div>\n\t\t<\/div>\n\t\t\t\t\t\t\t<\/div>\n\t\t<\/section>\n\t\t\t\t\t\t\t<\/div>\n\t\t","protected":false},"excerpt":{"rendered":"<p>Pourquoi un institut \u00e0 Dakar ? Depuis la cr\u00e9ation du GFAOP, il \u00e9tait souhait\u00e9 que certaines formations puissent \u00eatre recentralis\u00e9es en Afrique. La premi\u00e8re formation diplomante initi\u00e9e par le GFAOP a \u00e9t\u00e9 la cr\u00e9ation d&#8217;un double dipl\u00f4me franco-marocain de canc\u00e9rologie p\u00e9diatrique \u00e9tablit entre les facult\u00e9s de Paris-Sud et de Rabat visant \u00e0 former les futurs [&hellip;]<\/p>\n","protected":false},"author":1,"featured_media":0,"parent":0,"menu_order":0,"comment_status":"closed","ping_status":"closed","template":"elementor_header_footer","meta":{"footnotes":"","_links_to":"","_links_to_target":""},"yoast_head":"<!-- This site is optimized with the Yoast SEO Premium plugin v20.4 (Yoast SEO v20.4) - https:\/\/yoast.com\/wordpress\/plugins\/seo\/ -->\n<title>Pourquoi un institut de formation \u00e0 Dakar - Institut Jean Lemerle<\/title>\n<meta name=\"robots\" content=\"index, follow, max-snippet:-1, max-image-preview:large, max-video-preview:-1\" \/>\n<link rel=\"canonical\" href=\"https:\/\/www.gfaop.org\/institut\/pourquoi-un-institut-de-formation-a-dakar\/\" \/>\n<meta property=\"og:locale\" content=\"fr_FR\" \/>\n<meta property=\"og:type\" content=\"article\" \/>\n<meta property=\"og:title\" content=\"Pourquoi un institut de formation \u00e0 Dakar\" \/>\n<meta property=\"og:description\" content=\"Pourquoi un institut \u00e0 Dakar ? Depuis la cr\u00e9ation du GFAOP, il \u00e9tait souhait\u00e9 que certaines formations puissent \u00eatre recentralis\u00e9es en Afrique. La premi\u00e8re formation diplomante initi\u00e9e par le GFAOP a \u00e9t\u00e9 la cr\u00e9ation d&#8217;un double dipl\u00f4me franco-marocain de canc\u00e9rologie p\u00e9diatrique \u00e9tablit entre les facult\u00e9s de Paris-Sud et de Rabat visant \u00e0 former les futurs [&hellip;]\" \/>\n<meta property=\"og:url\" content=\"https:\/\/www.gfaop.org\/institut\/pourquoi-un-institut-de-formation-a-dakar\/\" \/>\n<meta property=\"og:site_name\" content=\"Institut Jean Lemerle\" \/>\n<meta property=\"article:modified_time\" content=\"2020-02-10T04:19:04+00:00\" \/>\n<meta property=\"og:image\" content=\"http:\/\/www.gfaop.org\/institut\/wp-content\/uploads\/sites\/3\/2020\/02\/pourquoi-un-institut.jpg\" \/>\n<meta name=\"twitter:card\" content=\"summary_large_image\" \/>\n<meta name=\"twitter:label1\" content=\"Dur\u00e9e de lecture estim\u00e9e\" \/>\n\t<meta name=\"twitter:data1\" content=\"1 minute\" \/>\n<script type=\"application\/ld+json\" class=\"yoast-schema-graph\">{\"@context\":\"https:\/\/schema.org\",\"@graph\":[{\"@type\":\"WebPage\",\"@id\":\"https:\/\/www.gfaop.org\/institut\/pourquoi-un-institut-de-formation-a-dakar\/\",\"url\":\"https:\/\/www.gfaop.org\/institut\/pourquoi-un-institut-de-formation-a-dakar\/\",\"name\":\"Pourquoi un institut de formation \u00e0 Dakar - Institut Jean Lemerle\",\"isPartOf\":{\"@id\":\"https:\/\/www.gfaop.org\/institut\/#website\"},\"datePublished\":\"2019-04-26T13:44:13+00:00\",\"dateModified\":\"2020-02-10T04:19:04+00:00\",\"breadcrumb\":{\"@id\":\"https:\/\/www.gfaop.org\/institut\/pourquoi-un-institut-de-formation-a-dakar\/#breadcrumb\"},\"inLanguage\":\"fr-FR\",\"potentialAction\":[{\"@type\":\"ReadAction\",\"target\":[\"https:\/\/www.gfaop.org\/institut\/pourquoi-un-institut-de-formation-a-dakar\/\"]}]},{\"@type\":\"BreadcrumbList\",\"@id\":\"https:\/\/www.gfaop.org\/institut\/pourquoi-un-institut-de-formation-a-dakar\/#breadcrumb\",\"itemListElement\":[{\"@type\":\"ListItem\",\"position\":1,\"name\":\"Accueil\",\"item\":\"https:\/\/www.gfaop.org\/institut\/\"},{\"@type\":\"ListItem\",\"position\":2,\"name\":\"Pourquoi un institut de formation \u00e0 Dakar\"}]},{\"@type\":\"WebSite\",\"@id\":\"https:\/\/www.gfaop.org\/institut\/#website\",\"url\":\"https:\/\/www.gfaop.org\/institut\/\",\"name\":\"Institut Jean Lemerle\",\"description\":\"\",\"publisher\":{\"@id\":\"https:\/\/www.gfaop.org\/institut\/#organization\"},\"potentialAction\":[{\"@type\":\"SearchAction\",\"target\":{\"@type\":\"EntryPoint\",\"urlTemplate\":\"https:\/\/www.gfaop.org\/institut\/?s={search_term_string}\"},\"query-input\":\"required name=search_term_string\"}],\"inLanguage\":\"fr-FR\"},{\"@type\":\"Organization\",\"@id\":\"https:\/\/www.gfaop.org\/institut\/#organization\",\"name\":\"Institut Jean Lemerle\",\"url\":\"https:\/\/www.gfaop.org\/institut\/\",\"logo\":{\"@type\":\"ImageObject\",\"inLanguage\":\"fr-FR\",\"@id\":\"https:\/\/www.gfaop.org\/institut\/#\/schema\/logo\/image\/\",\"url\":\"https:\/\/www.gfaop.org\/institut\/wp-content\/uploads\/sites\/3\/2024\/03\/GFAOP_Logo_Horizontal_baseline_sans_fond.png\",\"contentUrl\":\"https:\/\/www.gfaop.org\/institut\/wp-content\/uploads\/sites\/3\/2024\/03\/GFAOP_Logo_Horizontal_baseline_sans_fond.png\",\"width\":6211,\"height\":1821,\"caption\":\"Institut Jean Lemerle\"},\"image\":{\"@id\":\"https:\/\/www.gfaop.org\/institut\/#\/schema\/logo\/image\/\"}}]}<\/script>\n<!-- \/ Yoast SEO Premium plugin. -->","yoast_head_json":{"title":"Pourquoi un institut de formation \u00e0 Dakar - Institut Jean Lemerle","robots":{"index":"index","follow":"follow","max-snippet":"max-snippet:-1","max-image-preview":"max-image-preview:large","max-video-preview":"max-video-preview:-1"},"canonical":"https:\/\/www.gfaop.org\/institut\/pourquoi-un-institut-de-formation-a-dakar\/","og_locale":"fr_FR","og_type":"article","og_title":"Pourquoi un institut de formation \u00e0 Dakar","og_description":"Pourquoi un institut \u00e0 Dakar ? Depuis la cr\u00e9ation du GFAOP, il \u00e9tait souhait\u00e9 que certaines formations puissent \u00eatre recentralis\u00e9es en Afrique. La premi\u00e8re formation diplomante initi\u00e9e par le GFAOP a \u00e9t\u00e9 la cr\u00e9ation d&#8217;un double dipl\u00f4me franco-marocain de canc\u00e9rologie p\u00e9diatrique \u00e9tablit entre les facult\u00e9s de Paris-Sud et de Rabat visant \u00e0 former les futurs [&hellip;]","og_url":"https:\/\/www.gfaop.org\/institut\/pourquoi-un-institut-de-formation-a-dakar\/","og_site_name":"Institut Jean Lemerle","article_modified_time":"2020-02-10T04:19:04+00:00","og_image":[{"url":"http:\/\/www.gfaop.org\/institut\/wp-content\/uploads\/sites\/3\/2020\/02\/pourquoi-un-institut.jpg"}],"twitter_card":"summary_large_image","twitter_misc":{"Dur\u00e9e de lecture estim\u00e9e":"1 minute"},"schema":{"@context":"https:\/\/schema.org","@graph":[{"@type":"WebPage","@id":"https:\/\/www.gfaop.org\/institut\/pourquoi-un-institut-de-formation-a-dakar\/","url":"https:\/\/www.gfaop.org\/institut\/pourquoi-un-institut-de-formation-a-dakar\/","name":"Pourquoi un institut de formation \u00e0 Dakar - Institut Jean Lemerle","isPartOf":{"@id":"https:\/\/www.gfaop.org\/institut\/#website"},"datePublished":"2019-04-26T13:44:13+00:00","dateModified":"2020-02-10T04:19:04+00:00","breadcrumb":{"@id":"https:\/\/www.gfaop.org\/institut\/pourquoi-un-institut-de-formation-a-dakar\/#breadcrumb"},"inLanguage":"fr-FR","potentialAction":[{"@type":"ReadAction","target":["https:\/\/www.gfaop.org\/institut\/pourquoi-un-institut-de-formation-a-dakar\/"]}]},{"@type":"BreadcrumbList","@id":"https:\/\/www.gfaop.org\/institut\/pourquoi-un-institut-de-formation-a-dakar\/#breadcrumb","itemListElement":[{"@type":"ListItem","position":1,"name":"Accueil","item":"https:\/\/www.gfaop.org\/institut\/"},{"@type":"ListItem","position":2,"name":"Pourquoi un institut de formation \u00e0 Dakar"}]},{"@type":"WebSite","@id":"https:\/\/www.gfaop.org\/institut\/#website","url":"https:\/\/www.gfaop.org\/institut\/","name":"Institut Jean Lemerle","description":"","publisher":{"@id":"https:\/\/www.gfaop.org\/institut\/#organization"},"potentialAction":[{"@type":"SearchAction","target":{"@type":"EntryPoint","urlTemplate":"https:\/\/www.gfaop.org\/institut\/?s={search_term_string}"},"query-input":"required name=search_term_string"}],"inLanguage":"fr-FR"},{"@type":"Organization","@id":"https:\/\/www.gfaop.org\/institut\/#organization","name":"Institut Jean Lemerle","url":"https:\/\/www.gfaop.org\/institut\/","logo":{"@type":"ImageObject","inLanguage":"fr-FR","@id":"https:\/\/www.gfaop.org\/institut\/#\/schema\/logo\/image\/","url":"https:\/\/www.gfaop.org\/institut\/wp-content\/uploads\/sites\/3\/2024\/03\/GFAOP_Logo_Horizontal_baseline_sans_fond.png","contentUrl":"https:\/\/www.gfaop.org\/institut\/wp-content\/uploads\/sites\/3\/2024\/03\/GFAOP_Logo_Horizontal_baseline_sans_fond.png","width":6211,"height":1821,"caption":"Institut Jean Lemerle"},"image":{"@id":"https:\/\/www.gfaop.org\/institut\/#\/schema\/logo\/image\/"}}]}},"_links":{"self":[{"href":"https:\/\/www.gfaop.org\/institut\/wp-json\/wp\/v2\/pages\/64"}],"collection":[{"href":"https:\/\/www.gfaop.org\/institut\/wp-json\/wp\/v2\/pages"}],"about":[{"href":"https:\/\/www.gfaop.org\/institut\/wp-json\/wp\/v2\/types\/page"}],"author":[{"embeddable":true,"href":"https:\/\/www.gfaop.org\/institut\/wp-json\/wp\/v2\/users\/1"}],"replies":[{"embeddable":true,"href":"https:\/\/www.gfaop.org\/institut\/wp-json\/wp\/v2\/comments?post=64"}],"version-history":[{"count":0,"href":"https:\/\/www.gfaop.org\/institut\/wp-json\/wp\/v2\/pages\/64\/revisions"}],"wp:attachment":[{"href":"https:\/\/www.gfaop.org\/institut\/wp-json\/wp\/v2\/media?parent=64"}],"curies":[{"name":"wp","href":"https:\/\/api.w.org\/{rel}","templated":true}]}}