

{"id":71,"date":"2019-04-26T13:48:06","date_gmt":"2019-04-26T13:48:06","guid":{"rendered":"http:\/\/www.gfaop.org\/institut\/?page_id=71"},"modified":"2021-03-25T19:32:10","modified_gmt":"2021-03-25T18:32:10","slug":"qui-etait-le-pr-jean-lemerle","status":"publish","type":"page","link":"https:\/\/www.gfaop.org\/institut\/","title":{"rendered":"Qui \u00e9tait le Pr Jean Lemerle ?"},"content":{"rendered":"\t\t<div data-elementor-type=\"wp-post\" data-elementor-id=\"71\" class=\"elementor elementor-71\">\n\t\t\t\t\t\t\t\t\t<section class=\"elementor-section elementor-top-section elementor-element elementor-element-7f2295f elementor-section-boxed elementor-section-height-default elementor-section-height-default\" data-id=\"7f2295f\" data-element_type=\"section\">\n\t\t\t\t\t\t<div class=\"elementor-container elementor-column-gap-default\">\n\t\t\t\t\t<div class=\"elementor-column elementor-col-100 elementor-top-column elementor-element elementor-element-a2e5c03\" data-id=\"a2e5c03\" data-element_type=\"column\">\n\t\t\t<div class=\"elementor-widget-wrap elementor-element-populated\">\n\t\t\t\t\t\t\t\t<div class=\"elementor-element elementor-element-616c844 elementor-widget elementor-widget-spacer\" data-id=\"616c844\" data-element_type=\"widget\" data-widget_type=\"spacer.default\">\n\t\t\t\t<div class=\"elementor-widget-container\">\n\t\t\t\t\t<div class=\"elementor-spacer\">\n\t\t\t<div class=\"elementor-spacer-inner\"><\/div>\n\t\t<\/div>\n\t\t\t\t<\/div>\n\t\t\t\t<\/div>\n\t\t\t\t<section class=\"elementor-section elementor-inner-section elementor-element elementor-element-1c59bc0 elementor-section-boxed elementor-section-height-default elementor-section-height-default\" data-id=\"1c59bc0\" data-element_type=\"section\">\n\t\t\t\t\t\t<div class=\"elementor-container elementor-column-gap-default\">\n\t\t\t\t\t<div class=\"elementor-column elementor-col-100 elementor-inner-column elementor-element elementor-element-7de1d9a\" data-id=\"7de1d9a\" data-element_type=\"column\">\n\t\t\t<div class=\"elementor-widget-wrap elementor-element-populated\">\n\t\t\t\t\t\t\t\t<div class=\"elementor-element elementor-element-ba4344f elementor-widget elementor-widget-heading\" data-id=\"ba4344f\" data-element_type=\"widget\" data-widget_type=\"heading.default\">\n\t\t\t\t<div class=\"elementor-widget-container\">\n\t\t\t<h1 class=\"elementor-heading-title elementor-size-default\">Qui \u00e9tait le Pr Jean Lemerle ?<\/h1>\t\t<\/div>\n\t\t\t\t<\/div>\n\t\t\t\t<div class=\"elementor-element elementor-element-7c36fb4 elementor-widget elementor-widget-text-editor\" data-id=\"7c36fb4\" data-element_type=\"widget\" data-widget_type=\"text-editor.default\">\n\t\t\t\t<div class=\"elementor-widget-container\">\n\t\t\t\t\t\t\t<h5><span style=\"color: #ff9900;\"><b>Le Pr Jean Lemerle (1930-2014) a \u00e9t\u00e9 avec des coll\u00e8gues africains, dont le Pr Claude Moreira, un des fondateurs du GFAOP en 2000.<\/b><\/span><\/h5><p>Ils partageaient la vision que \u2018\u2018 Les enfants africains peuvent et doivent \u00eatre trait\u00e9s dans leurs pays par des \u00e9quipes form\u00e9es.&#8221; Oncop\u00e9diatre de renomm\u00e9e internationale, il a \u00e9t\u00e9 Chef du D\u00e9partement de P\u00e9diatrie de Gustave Roussy de 1978 1996 et a tr\u00e8s largement contribu\u00e9 faire progresser les traitements des cancers de l\u2019enfant avec la pr\u00e9occupation constante de la qualit\u00e9 de vie des patients.<\/p><p>Il a \u00e9t\u00e9 l\u2019initiative de la cr\u00e9ation de la maison des parents de Gustave Roussy et de partenariats avec les associations de parents.<br \/>Il a \u00e9t\u00e9 un des cofondateurs de la Soci\u00e9t\u00e9 Internationale d\u2019Oncologie P\u00e9diatrique (SIOP) et le fondateur de la Soci\u00e9t\u00e9 Fran\u00e7aise d\u2019Oncologie P\u00e9diatrique (SFOP).<\/p><p>Il a \u00e9t\u00e9 Directeur adjoint de l\u2019Institut Gustave Roussy de 1994 jusqu\u2019 sa retraite Tr\u00e8s attach\u00e9 la transmission du savoir, p\u00e9dagogue exceptionnel, il a fond\u00e9 l\u2019\u00e9cole de Canc\u00e9rologie de Gustave Roussy.<\/p><p>Lorsqu\u2019il a pris sa retraite en 2000, il s\u2019est engag\u00e9 pour la cause des enfants africains atteints de cancer en cr\u00e9ant et animant le Groupe Franco- Africain d\u2019Oncologie P\u00e9diatrique.<\/p>\t\t\t\t\t\t<\/div>\n\t\t\t\t<\/div>\n\t\t\t\t<div class=\"elementor-element elementor-element-54af175 elementor-widget elementor-widget-image\" data-id=\"54af175\" data-element_type=\"widget\" data-widget_type=\"image.default\">\n\t\t\t\t<div class=\"elementor-widget-container\">\n\t\t\t\t\t\t\t\t\t\t\t\t\t\t\t<img decoding=\"async\" loading=\"lazy\" width=\"800\" height=\"534\" src=\"https:\/\/www.gfaop.org\/institut\/wp-content\/uploads\/sites\/3\/2019\/10\/Pr-jean-Lemerle-103-1024x683.jpg\" class=\"attachment-large size-large wp-image-391\" alt=\"\" srcset=\"https:\/\/www.gfaop.org\/institut\/wp-content\/uploads\/sites\/3\/2019\/10\/Pr-jean-Lemerle-103-1024x683.jpg 1024w, https:\/\/www.gfaop.org\/institut\/wp-content\/uploads\/sites\/3\/2019\/10\/Pr-jean-Lemerle-103-300x200.jpg 300w, https:\/\/www.gfaop.org\/institut\/wp-content\/uploads\/sites\/3\/2019\/10\/Pr-jean-Lemerle-103-768x512.jpg 768w, https:\/\/www.gfaop.org\/institut\/wp-content\/uploads\/sites\/3\/2019\/10\/Pr-jean-Lemerle-103.jpg 1619w\" sizes=\"(max-width: 800px) 100vw, 800px\" \/>\t\t\t\t\t\t\t\t\t\t\t\t\t\t\t<\/div>\n\t\t\t\t<\/div>\n\t\t\t\t\t<\/div>\n\t\t<\/div>\n\t\t\t\t\t\t\t<\/div>\n\t\t<\/section>\n\t\t\t\t\t<\/div>\n\t\t<\/div>\n\t\t\t\t\t\t\t<\/div>\n\t\t<\/section>\n\t\t\t\t\t\t\t<\/div>\n\t\t","protected":false},"excerpt":{"rendered":"<p>Qui \u00e9tait le Pr Jean Lemerle ? Le Pr Jean Lemerle (1930-2014) a \u00e9t\u00e9 avec des coll\u00e8gues africains, dont le Pr Claude Moreira, un des fondateurs du GFAOP en 2000. Ils partageaient la vision que \u2018\u2018 Les enfants africains peuvent et doivent \u00eatre trait\u00e9s dans leurs pays par des \u00e9quipes form\u00e9es.&#8221; Oncop\u00e9diatre de renomm\u00e9e internationale, [&hellip;]<\/p>\n","protected":false},"author":1,"featured_media":0,"parent":0,"menu_order":0,"comment_status":"closed","ping_status":"closed","template":"elementor_header_footer","meta":{"footnotes":"","_links_to":"","_links_to_target":""},"yoast_head":"<!-- This site is optimized with the Yoast SEO Premium plugin v20.4 (Yoast SEO v20.4) - https:\/\/yoast.com\/wordpress\/plugins\/seo\/ -->\n<title>Qui \u00e9tait le Pr Jean Lemerle ? - Institut Jean Lemerle<\/title>\n<meta name=\"robots\" content=\"index, follow, max-snippet:-1, max-image-preview:large, max-video-preview:-1\" \/>\n<link rel=\"canonical\" href=\"https:\/\/www.gfaop.org\/institut\/\" \/>\n<meta property=\"og:locale\" content=\"fr_FR\" \/>\n<meta property=\"og:type\" content=\"article\" \/>\n<meta property=\"og:title\" content=\"Qui \u00e9tait le Pr Jean Lemerle ?\" \/>\n<meta property=\"og:description\" content=\"Qui \u00e9tait le Pr Jean Lemerle ? Le Pr Jean Lemerle (1930-2014) a \u00e9t\u00e9 avec des coll\u00e8gues africains, dont le Pr Claude Moreira, un des fondateurs du GFAOP en 2000. Ils partageaient la vision que \u2018\u2018 Les enfants africains peuvent et doivent \u00eatre trait\u00e9s dans leurs pays par des \u00e9quipes form\u00e9es.&#8221; Oncop\u00e9diatre de renomm\u00e9e internationale, [&hellip;]\" \/>\n<meta property=\"og:url\" content=\"https:\/\/www.gfaop.org\/institut\/\" \/>\n<meta property=\"og:site_name\" content=\"Institut Jean Lemerle\" \/>\n<meta property=\"article:modified_time\" content=\"2021-03-25T18:32:10+00:00\" \/>\n<meta property=\"og:image\" content=\"https:\/\/www.gfaop.org\/institut\/wp-content\/uploads\/sites\/3\/2019\/10\/Pr-jean-Lemerle-103-1024x683.jpg\" \/>\n<meta name=\"twitter:card\" content=\"summary_large_image\" \/>\n<meta name=\"twitter:label1\" content=\"Dur\u00e9e de lecture estim\u00e9e\" \/>\n\t<meta name=\"twitter:data1\" content=\"2 minutes\" \/>\n<script type=\"application\/ld+json\" class=\"yoast-schema-graph\">{\"@context\":\"https:\/\/schema.org\",\"@graph\":[{\"@type\":\"WebPage\",\"@id\":\"https:\/\/www.gfaop.org\/institut\/\",\"url\":\"https:\/\/www.gfaop.org\/institut\/\",\"name\":\"Qui \u00e9tait le Pr Jean Lemerle ? - Institut Jean Lemerle\",\"isPartOf\":{\"@id\":\"https:\/\/www.gfaop.org\/institut\/#website\"},\"datePublished\":\"2019-04-26T13:48:06+00:00\",\"dateModified\":\"2021-03-25T18:32:10+00:00\",\"breadcrumb\":{\"@id\":\"https:\/\/www.gfaop.org\/institut\/#breadcrumb\"},\"inLanguage\":\"fr-FR\",\"potentialAction\":[{\"@type\":\"ReadAction\",\"target\":[\"https:\/\/www.gfaop.org\/institut\/\"]}]},{\"@type\":\"BreadcrumbList\",\"@id\":\"https:\/\/www.gfaop.org\/institut\/#breadcrumb\",\"itemListElement\":[{\"@type\":\"ListItem\",\"position\":1,\"name\":\"Accueil\",\"item\":\"https:\/\/www.gfaop.org\/institut\/\"},{\"@type\":\"ListItem\",\"position\":2,\"name\":\"Qui \u00e9tait le Pr Jean Lemerle ?\"}]},{\"@type\":\"WebSite\",\"@id\":\"https:\/\/www.gfaop.org\/institut\/#website\",\"url\":\"https:\/\/www.gfaop.org\/institut\/\",\"name\":\"Institut Jean Lemerle\",\"description\":\"\",\"publisher\":{\"@id\":\"https:\/\/www.gfaop.org\/institut\/#organization\"},\"potentialAction\":[{\"@type\":\"SearchAction\",\"target\":{\"@type\":\"EntryPoint\",\"urlTemplate\":\"https:\/\/www.gfaop.org\/institut\/?s={search_term_string}\"},\"query-input\":\"required name=search_term_string\"}],\"inLanguage\":\"fr-FR\"},{\"@type\":\"Organization\",\"@id\":\"https:\/\/www.gfaop.org\/institut\/#organization\",\"name\":\"Institut Jean Lemerle\",\"url\":\"https:\/\/www.gfaop.org\/institut\/\",\"logo\":{\"@type\":\"ImageObject\",\"inLanguage\":\"fr-FR\",\"@id\":\"https:\/\/www.gfaop.org\/institut\/#\/schema\/logo\/image\/\",\"url\":\"https:\/\/www.gfaop.org\/institut\/wp-content\/uploads\/sites\/3\/2024\/03\/GFAOP_Logo_Horizontal_baseline_sans_fond.png\",\"contentUrl\":\"https:\/\/www.gfaop.org\/institut\/wp-content\/uploads\/sites\/3\/2024\/03\/GFAOP_Logo_Horizontal_baseline_sans_fond.png\",\"width\":6211,\"height\":1821,\"caption\":\"Institut Jean Lemerle\"},\"image\":{\"@id\":\"https:\/\/www.gfaop.org\/institut\/#\/schema\/logo\/image\/\"}}]}<\/script>\n<!-- \/ Yoast SEO Premium plugin. -->","yoast_head_json":{"title":"Qui \u00e9tait le Pr Jean Lemerle ? - Institut Jean Lemerle","robots":{"index":"index","follow":"follow","max-snippet":"max-snippet:-1","max-image-preview":"max-image-preview:large","max-video-preview":"max-video-preview:-1"},"canonical":"https:\/\/www.gfaop.org\/institut\/","og_locale":"fr_FR","og_type":"article","og_title":"Qui \u00e9tait le Pr Jean Lemerle ?","og_description":"Qui \u00e9tait le Pr Jean Lemerle ? Le Pr Jean Lemerle (1930-2014) a \u00e9t\u00e9 avec des coll\u00e8gues africains, dont le Pr Claude Moreira, un des fondateurs du GFAOP en 2000. Ils partageaient la vision que \u2018\u2018 Les enfants africains peuvent et doivent \u00eatre trait\u00e9s dans leurs pays par des \u00e9quipes form\u00e9es.&#8221; Oncop\u00e9diatre de renomm\u00e9e internationale, [&hellip;]","og_url":"https:\/\/www.gfaop.org\/institut\/","og_site_name":"Institut Jean Lemerle","article_modified_time":"2021-03-25T18:32:10+00:00","og_image":[{"url":"https:\/\/www.gfaop.org\/institut\/wp-content\/uploads\/sites\/3\/2019\/10\/Pr-jean-Lemerle-103-1024x683.jpg"}],"twitter_card":"summary_large_image","twitter_misc":{"Dur\u00e9e de lecture estim\u00e9e":"2 minutes"},"schema":{"@context":"https:\/\/schema.org","@graph":[{"@type":"WebPage","@id":"https:\/\/www.gfaop.org\/institut\/","url":"https:\/\/www.gfaop.org\/institut\/","name":"Qui \u00e9tait le Pr Jean Lemerle ? - Institut Jean Lemerle","isPartOf":{"@id":"https:\/\/www.gfaop.org\/institut\/#website"},"datePublished":"2019-04-26T13:48:06+00:00","dateModified":"2021-03-25T18:32:10+00:00","breadcrumb":{"@id":"https:\/\/www.gfaop.org\/institut\/#breadcrumb"},"inLanguage":"fr-FR","potentialAction":[{"@type":"ReadAction","target":["https:\/\/www.gfaop.org\/institut\/"]}]},{"@type":"BreadcrumbList","@id":"https:\/\/www.gfaop.org\/institut\/#breadcrumb","itemListElement":[{"@type":"ListItem","position":1,"name":"Accueil","item":"https:\/\/www.gfaop.org\/institut\/"},{"@type":"ListItem","position":2,"name":"Qui \u00e9tait le Pr Jean Lemerle ?"}]},{"@type":"WebSite","@id":"https:\/\/www.gfaop.org\/institut\/#website","url":"https:\/\/www.gfaop.org\/institut\/","name":"Institut Jean Lemerle","description":"","publisher":{"@id":"https:\/\/www.gfaop.org\/institut\/#organization"},"potentialAction":[{"@type":"SearchAction","target":{"@type":"EntryPoint","urlTemplate":"https:\/\/www.gfaop.org\/institut\/?s={search_term_string}"},"query-input":"required name=search_term_string"}],"inLanguage":"fr-FR"},{"@type":"Organization","@id":"https:\/\/www.gfaop.org\/institut\/#organization","name":"Institut Jean Lemerle","url":"https:\/\/www.gfaop.org\/institut\/","logo":{"@type":"ImageObject","inLanguage":"fr-FR","@id":"https:\/\/www.gfaop.org\/institut\/#\/schema\/logo\/image\/","url":"https:\/\/www.gfaop.org\/institut\/wp-content\/uploads\/sites\/3\/2024\/03\/GFAOP_Logo_Horizontal_baseline_sans_fond.png","contentUrl":"https:\/\/www.gfaop.org\/institut\/wp-content\/uploads\/sites\/3\/2024\/03\/GFAOP_Logo_Horizontal_baseline_sans_fond.png","width":6211,"height":1821,"caption":"Institut Jean Lemerle"},"image":{"@id":"https:\/\/www.gfaop.org\/institut\/#\/schema\/logo\/image\/"}}]}},"_links":{"self":[{"href":"https:\/\/www.gfaop.org\/institut\/wp-json\/wp\/v2\/pages\/71"}],"collection":[{"href":"https:\/\/www.gfaop.org\/institut\/wp-json\/wp\/v2\/pages"}],"about":[{"href":"https:\/\/www.gfaop.org\/institut\/wp-json\/wp\/v2\/types\/page"}],"author":[{"embeddable":true,"href":"https:\/\/www.gfaop.org\/institut\/wp-json\/wp\/v2\/users\/1"}],"replies":[{"embeddable":true,"href":"https:\/\/www.gfaop.org\/institut\/wp-json\/wp\/v2\/comments?post=71"}],"version-history":[{"count":6,"href":"https:\/\/www.gfaop.org\/institut\/wp-json\/wp\/v2\/pages\/71\/revisions"}],"predecessor-version":[{"id":1636,"href":"https:\/\/www.gfaop.org\/institut\/wp-json\/wp\/v2\/pages\/71\/revisions\/1636"}],"wp:attachment":[{"href":"https:\/\/www.gfaop.org\/institut\/wp-json\/wp\/v2\/media?parent=71"}],"curies":[{"name":"wp","href":"https:\/\/api.w.org\/{rel}","templated":true}]}}