

{"id":764,"date":"2020-03-12T13:47:09","date_gmt":"2020-03-12T13:47:09","guid":{"rendered":"http:\/\/www.gfaop.org\/institut\/?page_id=764"},"modified":"2021-11-16T15:40:09","modified_gmt":"2021-11-16T14:40:09","slug":"les-prochaines-formations-au-diagnostic-precoce","status":"publish","type":"page","link":"https:\/\/www.gfaop.org\/institut\/les-prochaines-formations-au-diagnostic-precoce\/","title":{"rendered":"Les prochaines formations au Diagnostic pr\u00e9coce"},"content":{"rendered":"\t\t<div data-elementor-type=\"wp-page\" data-elementor-id=\"764\" class=\"elementor elementor-764\">\n\t\t\t\t\t\t\t\t\t<section class=\"elementor-section elementor-top-section elementor-element elementor-element-6b3f63a elementor-section-boxed elementor-section-height-default elementor-section-height-default\" data-id=\"6b3f63a\" data-element_type=\"section\">\n\t\t\t\t\t\t<div class=\"elementor-container elementor-column-gap-default\">\n\t\t\t\t\t<div class=\"elementor-column elementor-col-100 elementor-top-column elementor-element elementor-element-1d17562\" data-id=\"1d17562\" data-element_type=\"column\">\n\t\t\t<div class=\"elementor-widget-wrap elementor-element-populated\">\n\t\t\t\t\t\t\t\t<div class=\"elementor-element elementor-element-4a767e7 elementor-widget elementor-widget-heading\" data-id=\"4a767e7\" data-element_type=\"widget\" data-widget_type=\"heading.default\">\n\t\t\t\t<div class=\"elementor-widget-container\">\n\t\t\t<h2 class=\"elementor-heading-title elementor-size-default\">Les prochaines formations au Diagnostic pr\u00e9coce<\/h2>\t\t<\/div>\n\t\t\t\t<\/div>\n\t\t\t\t\t<\/div>\n\t\t<\/div>\n\t\t\t\t\t\t\t<\/div>\n\t\t<\/section>\n\t\t\t\t<section class=\"elementor-section elementor-top-section elementor-element elementor-element-438bf59 elementor-section-boxed elementor-section-height-default elementor-section-height-default\" data-id=\"438bf59\" data-element_type=\"section\">\n\t\t\t\t\t\t<div class=\"elementor-container elementor-column-gap-default\">\n\t\t\t\t\t<div class=\"elementor-column elementor-col-50 elementor-top-column elementor-element elementor-element-112e0c5\" data-id=\"112e0c5\" data-element_type=\"column\">\n\t\t\t<div class=\"elementor-widget-wrap elementor-element-populated\">\n\t\t\t\t\t\t\t\t<div class=\"elementor-element elementor-element-f73f0f4 elementor-widget elementor-widget-text-editor\" data-id=\"f73f0f4\" data-element_type=\"widget\" data-widget_type=\"text-editor.default\">\n\t\t\t\t<div class=\"elementor-widget-container\">\n\t\t\t\t\t\t\t<p><span style=\"color: #ff6600;\"><strong>S\u00e9n\u00e9gal<\/strong><\/span><\/p><div style=\"color: #000000; font-family: Cambria, Georgia, serif; font-size: 12pt;\"><ul><li>Formation des formateurs des 4 districts: 6 &#8211; 7 novembre 2019<\/li><li>District Sud Dakar: 12 &#8211; 13 f\u00e9vrier 2020 \u00e0 Dakar<\/li><li>District Keur Massar:\u00a019 &#8211; 20 f\u00e9vrier 2020 \u00e0 Dakar<\/li><li>District Thi\u00e8s:<ul><li>25 &#8211; 26 f\u00e9vrier 2020 premi\u00e8re session \u00e0 Thi\u00e8s\u00a0<\/li><li>27 &#8211; 28 f\u00e9vrier 2020 deuxi\u00e8me session \u00e0 Thi\u00e8s<\/li><\/ul><\/li><li>District Mbour<ul><li>3-4 novembre\u00a0 2020\u00a0premi\u00e8re session \u00e0 Mbour\u00a0<\/li><li>5-6 novembre 2020 deuxi\u00e8me session \u00e0 Mbour\u00a0<\/li><\/ul><\/li><\/ul><p><strong>Plus de 170 personnes d\u00e9j\u00e0 form\u00e9es<\/strong><\/p><p><span style=\"color: #ff0000;\">Evaluations\u00a0 : <\/span>supervision post formative des prestataires form\u00e9s au diagnostic pr\u00e9coce au S\u00e9n\u00e9gal\u00a0\u00a0du 25 au 28 mai pour les districts SUD et Keur Massar de Dakar.<\/p><p><span style=\"color: #ff0000;\">\u00a0<\/span><\/p><div style=\"font-family: Cambria, Georgia, serif; font-size: 12pt;\"><span style=\"color: #ff6600;\">\u00a0 \u00a0<b>R\u00e9publique D\u00e9mocratique du Congo\u00a0<\/b><\/span><\/div><ul><li style=\"font-family: Cambria, Georgia, serif; font-size: 12pt;\">\u00a0 Lubumbashi : 5- 6 f\u00e9vrier 2020 Formation des formateurs<\/li><li style=\"font-family: Cambria, Georgia, serif; font-size: 12pt;\">\u00a0 Pweto : 3-4 d\u00e9cembre 2020<\/li><li>\u00a0 Likasi : : 2 au 3 f\u00e9vrier 2021, formation des formateurs<\/li><\/ul><div style=\"font-family: Cambria, Georgia, serif; font-size: 12pt;\"><strong>Plus de\u00a0 47 personnes d\u00e9j\u00e0 form\u00e9es<\/strong><\/div><\/div><p><span style=\"color: #ff6600;\"><b>\u00a0 <\/b><\/span><\/p><p><span style=\"color: #ff6600;\"><b>Mali<\/b><\/span><\/p><ul><li><span style=\"background-color: transparent; color: #000000; font-family: Cambria, Georgia, serif; font-weight: var( --e-global-typography-text-font-weight ); font-size: 1rem;\">Sikasso:\u00a0 juin 2020 formation des formateurs\u00a0<\/span><\/li><\/ul><p><strong>Plus de 23 personnes d\u00e9j\u00e0 form\u00e9es<\/strong><\/p><p><span style=\"color: #ff6600;\"><b>C\u00f4te d&#8217;Ivoire<\/b><\/span><\/p><ul><li><span style=\"color: #000000;\">Abidjan : 30 novembre au 3 d\u00e9cembre 2020<\/span><\/li><li><span style=\"color: #000000;\">Abidjan : 17 au 19 mars 2021, sessions de formation en cascade dans les districts sanitaires d&#8217;Abidjan. Cette premi\u00e8re session a lieu \u00e0 l&#8217;endroit des agents de sant\u00e9 du district sanitaire d&#8217;Adjam\u00e9-Att\u00e9coub\u00e9-Plateau<\/span><\/li><li><p style=\"color: #f2a712;\"><span style=\"color: #000000;\">DS Yopougon Ouest : 18 &#8211; 20 mai<\/span><\/p><\/li><li><p style=\"color: #f2a712;\"><span style=\"background-color: transparent; color: #000000; font-weight: var( --e-global-typography-text-font-weight );\">Yopougon Est : 25 &#8211; 27 mai<\/span><\/p><\/li><li><p style=\"color: #f2a712;\"><span style=\"background-color: transparent; color: #000000; font-weight: var( --e-global-typography-text-font-weight );\">Bouak\u00e9 : 15 au 20 novembre 2021<\/span><\/p><\/li><\/ul><p><strong>Plus de 100 personnes d\u00e9j\u00e0 form\u00e9es<\/strong><\/p><p><span style=\"color: #ff6600;\"><span style=\"font-weight: bolder;\">Guin\u00e9e Conakry<\/span><\/span><\/p><ul><li><span style=\"color: #000000;\">Conakry , formation des formateurs nationaux\u00a0 : 19-20 mai 2021<\/span><\/li><li><span style=\"color: #000000;\">Conakry : 30 juin et 1er juillet 2021, formation des prestataires<\/span><\/li><li><span style=\"color: #000000;\">Nz\u00e9r\u00e9cor\u00e9 : 12 et 13 juillet, prestataires<\/span><\/li><li><span style=\"color: #000000;\">Mamou : 16 et 17 juillet, prestataires<\/span><\/li><\/ul><div>\u00a0<\/div><p><span style=\"color: #ff6600;\"><strong>B\u00e9nin :<\/strong><\/span><\/p><ul style=\"background-color: #ffffff;\"><li style=\"font-size: 16px;\"><span style=\"color: #000000;\">Porto Novo : 5 et 6 aout, formation des formateurs<\/span><\/li><li><span style=\"color: #000000;\">\u00a0Ou\u00e9m\u00e9 et Atlantique 11 &#8211; 12 novembre,\u00a0<\/span><span style=\"color: #000000;\">Formation des prestataires\u00a0<\/span><\/li><li><span style=\"color: #000000;\"><span style=\"font-size: 16px; color: #000000;\"><b>En pr\u00e9paration : <\/b><\/span>D\u00e9partement Mono et Zou 18 &#8211; 19 novembre<\/span><\/li><\/ul><p><strong><span style=\"color: #ff6600;\">\u00a0<\/span><\/strong><\/p><p><strong><span style=\"color: #ff6600;\">Burkina Faso :\u00a0<\/span><\/strong><\/p><ul style=\"font-size: 16px; background-color: #ffffff;\"><li style=\"font-size: 16px;\"><span style=\"color: #000000;\">Bobo Dioulasso\u00a0: 12-13 juillet, formation des m\u00e9decins<\/span><\/li><li style=\"font-size: 16px;\"><span style=\"color: #000000;\">Bobo Dioulasso : 14-15 juillet : formation des infirmiers\u00a0<\/span><\/li><li style=\"font-size: 16px;\">Ouagadougou : avec la Soci\u00e9t\u00e9 Burkinab\u00e9 de p\u00e9diatrie, octobre 2021<span style=\"background-color: transparent; font-weight: var( --e-global-typography-text-font-weight );\"><br \/><\/span><\/li><\/ul><p><strong><span style=\"color: #ff6600;\">\u00a0<\/span><\/strong><\/p><p><span style=\"font-weight: bolder;\"><span style=\"color: #ff6600;\">Niger :\u00a0<\/span><\/span><\/p><ul style=\"font-size: 16px; background-color: #ffffff;\"><li style=\"font-size: 16px;\"><span style=\"color: #000000;\">Niamey :\u00a0 9 et 10 novembre, formation des formateurs<\/span><\/li><li><strong>En pr\u00e9paration <\/strong>\u00a0formation des prestataires 23-26 novembre\u00a0<\/li><\/ul><p><span style=\"color: #000000;\">\u00a0<\/span><\/p><div>\u00a0<\/div><div>\u00a0<\/div>\t\t\t\t\t\t<\/div>\n\t\t\t\t<\/div>\n\t\t\t\t\t<\/div>\n\t\t<\/div>\n\t\t\t\t<div class=\"elementor-column elementor-col-50 elementor-top-column elementor-element elementor-element-9ae9283\" data-id=\"9ae9283\" data-element_type=\"column\">\n\t\t\t<div class=\"elementor-widget-wrap elementor-element-populated\">\n\t\t\t\t\t\t\t\t<div class=\"elementor-element elementor-element-75643f8 elementor-widget elementor-widget-text-editor\" data-id=\"75643f8\" data-element_type=\"widget\" data-widget_type=\"text-editor.default\">\n\t\t\t\t<div class=\"elementor-widget-container\">\n\t\t\t\t\t\t\t<div style=\"color: #f2a712;\"><span style=\"font-weight: bolder;\"><span style=\"color: #000000; font-family: Cambria, Georgia, serif;\">A VENIR :\u00a0<\/span><\/span><\/div><div style=\"color: #f2a712;\">\u00a0<\/div><div style=\"color: #f2a712;\"><span style=\"color: #33cccc;\"><span style=\"font-weight: bolder;\">Togo\u00a0<\/span><\/span><\/div><div style=\"color: #f2a712;\"><span style=\"font-weight: bolder;\"><span style=\"color: #000000; font-family: Cambria, Georgia, serif;\">EN RAISON DE L&#8217;EPIDEMIE DE COVID LES DATES DES FORMATIONS PEUVENT ETRE MODIFIEES OU SE FAIRE\u00a0 SOUS UNE AUTRE FORME<\/span><\/span><\/div><div style=\"color: #f2a712;\">\u00a0<\/div>\t\t\t\t\t\t<\/div>\n\t\t\t\t<\/div>\n\t\t\t\t\t<\/div>\n\t\t<\/div>\n\t\t\t\t\t\t\t<\/div>\n\t\t<\/section>\n\t\t\t\t<section class=\"elementor-section elementor-top-section elementor-element elementor-element-ef0b5ed elementor-section-boxed elementor-section-height-default elementor-section-height-default\" data-id=\"ef0b5ed\" data-element_type=\"section\">\n\t\t\t\t\t\t<div class=\"elementor-container elementor-column-gap-default\">\n\t\t\t\t\t\t\t\t<\/div>\n\t\t<\/section>\n\t\t\t\t<section class=\"elementor-section elementor-top-section elementor-element elementor-element-2f20a47 elementor-section-boxed elementor-section-height-default elementor-section-height-default\" data-id=\"2f20a47\" data-element_type=\"section\">\n\t\t\t\t\t\t<div class=\"elementor-container elementor-column-gap-default\">\n\t\t\t\t\t\t\t\t<\/div>\n\t\t<\/section>\n\t\t\t\t<section class=\"elementor-section elementor-top-section elementor-element elementor-element-564a00b elementor-section-boxed elementor-section-height-default elementor-section-height-default\" data-id=\"564a00b\" data-element_type=\"section\">\n\t\t\t\t\t\t<div class=\"elementor-container elementor-column-gap-default\">\n\t\t\t\t\t<div class=\"elementor-column elementor-col-100 elementor-top-column elementor-element elementor-element-9d9aa72\" data-id=\"9d9aa72\" data-element_type=\"column\">\n\t\t\t<div class=\"elementor-widget-wrap elementor-element-populated\">\n\t\t\t\t\t\t\t\t<div class=\"elementor-element elementor-element-965b956 elementor-widget elementor-widget-html\" data-id=\"965b956\" data-element_type=\"widget\" data-widget_type=\"html.default\">\n\t\t\t\t<div class=\"elementor-widget-container\">\n\t\t\t<iframe loading=\"lazy\" src=\"https:\/\/www.google.com\/maps\/d\/u\/0\/embed?mid=15aI4KWb1zN9Sjlam9EX6hNHsk4C20g5u\" width=\"640\" height=\"480\"><\/iframe>\t\t<\/div>\n\t\t\t\t<\/div>\n\t\t\t\t\t<\/div>\n\t\t<\/div>\n\t\t\t\t\t\t\t<\/div>\n\t\t<\/section>\n\t\t\t\t\t\t\t<\/div>\n\t\t","protected":false},"excerpt":{"rendered":"<p>S\u00e9n\u00e9gal Formation des formateurs des 4 districts: 6 &#8211; 7 novembre 2019 District Sud Dakar: 12 &#8211; 13 f\u00e9vrier 2020 \u00e0 Dakar District Keur Massar:\u00a019 &#8211; 20 f\u00e9vrier 2020 \u00e0 Dakar District Thi\u00e8s: 25 &#8211; 26 f\u00e9vrier 2020 premi\u00e8re session \u00e0 Thi\u00e8s\u00a0 27 &#8211; 28 f\u00e9vrier 2020 deuxi\u00e8me session \u00e0 Thi\u00e8s District Mbour 3-4 novembre\u00a0 [&hellip;]<\/p>\n","protected":false},"author":10,"featured_media":0,"parent":0,"menu_order":0,"comment_status":"closed","ping_status":"closed","template":"elementor_header_footer","meta":{"footnotes":"","_links_to":"","_links_to_target":""},"yoast_head":"<!-- This site is optimized with the Yoast SEO Premium plugin v20.4 (Yoast SEO v20.4) - https:\/\/yoast.com\/wordpress\/plugins\/seo\/ -->\n<title>Les prochaines formations au Diagnostic pr\u00e9coce - Institut Jean Lemerle<\/title>\n<meta name=\"description\" content=\"La formation au diagnostic pr\u00e9coce , comment reconnaitre les signes d&#039;alerte des cancers p\u00e9diatriques et orienter les enfants\" \/>\n<meta name=\"robots\" content=\"index, follow, max-snippet:-1, max-image-preview:large, max-video-preview:-1\" \/>\n<link rel=\"canonical\" href=\"https:\/\/www.gfaop.org\/institut\/les-prochaines-formations-au-diagnostic-precoce\/\" \/>\n<meta property=\"og:locale\" content=\"fr_FR\" \/>\n<meta property=\"og:type\" content=\"article\" \/>\n<meta property=\"og:title\" content=\"Les prochaines formations au Diagnostic pr\u00e9coce\" \/>\n<meta property=\"og:description\" content=\"La formation au diagnostic pr\u00e9coce , comment reconnaitre les signes d&#039;alerte des cancers p\u00e9diatriques et orienter les enfants\" \/>\n<meta property=\"og:url\" content=\"https:\/\/www.gfaop.org\/institut\/les-prochaines-formations-au-diagnostic-precoce\/\" \/>\n<meta property=\"og:site_name\" content=\"Institut Jean Lemerle\" \/>\n<meta property=\"article:modified_time\" content=\"2021-11-16T14:40:09+00:00\" \/>\n<meta name=\"twitter:card\" content=\"summary_large_image\" \/>\n<meta name=\"twitter:label1\" content=\"Dur\u00e9e de lecture estim\u00e9e\" \/>\n\t<meta name=\"twitter:data1\" content=\"2 minutes\" \/>\n<script type=\"application\/ld+json\" class=\"yoast-schema-graph\">{\"@context\":\"https:\/\/schema.org\",\"@graph\":[{\"@type\":\"WebPage\",\"@id\":\"https:\/\/www.gfaop.org\/institut\/les-prochaines-formations-au-diagnostic-precoce\/\",\"url\":\"https:\/\/www.gfaop.org\/institut\/les-prochaines-formations-au-diagnostic-precoce\/\",\"name\":\"Les prochaines formations au Diagnostic pr\u00e9coce - Institut Jean Lemerle\",\"isPartOf\":{\"@id\":\"https:\/\/www.gfaop.org\/institut\/#website\"},\"datePublished\":\"2020-03-12T13:47:09+00:00\",\"dateModified\":\"2021-11-16T14:40:09+00:00\",\"description\":\"La formation au diagnostic pr\u00e9coce , comment reconnaitre les signes d'alerte des cancers p\u00e9diatriques et orienter les enfants\",\"breadcrumb\":{\"@id\":\"https:\/\/www.gfaop.org\/institut\/les-prochaines-formations-au-diagnostic-precoce\/#breadcrumb\"},\"inLanguage\":\"fr-FR\",\"potentialAction\":[{\"@type\":\"ReadAction\",\"target\":[\"https:\/\/www.gfaop.org\/institut\/les-prochaines-formations-au-diagnostic-precoce\/\"]}]},{\"@type\":\"BreadcrumbList\",\"@id\":\"https:\/\/www.gfaop.org\/institut\/les-prochaines-formations-au-diagnostic-precoce\/#breadcrumb\",\"itemListElement\":[{\"@type\":\"ListItem\",\"position\":1,\"name\":\"Accueil\",\"item\":\"https:\/\/www.gfaop.org\/institut\/\"},{\"@type\":\"ListItem\",\"position\":2,\"name\":\"Les prochaines formations au Diagnostic pr\u00e9coce\"}]},{\"@type\":\"WebSite\",\"@id\":\"https:\/\/www.gfaop.org\/institut\/#website\",\"url\":\"https:\/\/www.gfaop.org\/institut\/\",\"name\":\"Institut Jean Lemerle\",\"description\":\"\",\"publisher\":{\"@id\":\"https:\/\/www.gfaop.org\/institut\/#organization\"},\"potentialAction\":[{\"@type\":\"SearchAction\",\"target\":{\"@type\":\"EntryPoint\",\"urlTemplate\":\"https:\/\/www.gfaop.org\/institut\/?s={search_term_string}\"},\"query-input\":\"required name=search_term_string\"}],\"inLanguage\":\"fr-FR\"},{\"@type\":\"Organization\",\"@id\":\"https:\/\/www.gfaop.org\/institut\/#organization\",\"name\":\"Institut Jean Lemerle\",\"url\":\"https:\/\/www.gfaop.org\/institut\/\",\"logo\":{\"@type\":\"ImageObject\",\"inLanguage\":\"fr-FR\",\"@id\":\"https:\/\/www.gfaop.org\/institut\/#\/schema\/logo\/image\/\",\"url\":\"https:\/\/www.gfaop.org\/institut\/wp-content\/uploads\/sites\/3\/2024\/03\/GFAOP_Logo_Horizontal_baseline_sans_fond.png\",\"contentUrl\":\"https:\/\/www.gfaop.org\/institut\/wp-content\/uploads\/sites\/3\/2024\/03\/GFAOP_Logo_Horizontal_baseline_sans_fond.png\",\"width\":6211,\"height\":1821,\"caption\":\"Institut Jean Lemerle\"},\"image\":{\"@id\":\"https:\/\/www.gfaop.org\/institut\/#\/schema\/logo\/image\/\"}}]}<\/script>\n<!-- \/ Yoast SEO Premium plugin. -->","yoast_head_json":{"title":"Les prochaines formations au Diagnostic pr\u00e9coce - Institut Jean Lemerle","description":"La formation au diagnostic pr\u00e9coce , comment reconnaitre les signes d'alerte des cancers p\u00e9diatriques et orienter les enfants","robots":{"index":"index","follow":"follow","max-snippet":"max-snippet:-1","max-image-preview":"max-image-preview:large","max-video-preview":"max-video-preview:-1"},"canonical":"https:\/\/www.gfaop.org\/institut\/les-prochaines-formations-au-diagnostic-precoce\/","og_locale":"fr_FR","og_type":"article","og_title":"Les prochaines formations au Diagnostic pr\u00e9coce","og_description":"La formation au diagnostic pr\u00e9coce , comment reconnaitre les signes d'alerte des cancers p\u00e9diatriques et orienter les enfants","og_url":"https:\/\/www.gfaop.org\/institut\/les-prochaines-formations-au-diagnostic-precoce\/","og_site_name":"Institut Jean Lemerle","article_modified_time":"2021-11-16T14:40:09+00:00","twitter_card":"summary_large_image","twitter_misc":{"Dur\u00e9e de lecture estim\u00e9e":"2 minutes"},"schema":{"@context":"https:\/\/schema.org","@graph":[{"@type":"WebPage","@id":"https:\/\/www.gfaop.org\/institut\/les-prochaines-formations-au-diagnostic-precoce\/","url":"https:\/\/www.gfaop.org\/institut\/les-prochaines-formations-au-diagnostic-precoce\/","name":"Les prochaines formations au Diagnostic pr\u00e9coce - Institut Jean Lemerle","isPartOf":{"@id":"https:\/\/www.gfaop.org\/institut\/#website"},"datePublished":"2020-03-12T13:47:09+00:00","dateModified":"2021-11-16T14:40:09+00:00","description":"La formation au diagnostic pr\u00e9coce , comment reconnaitre les signes d'alerte des cancers p\u00e9diatriques et orienter les enfants","breadcrumb":{"@id":"https:\/\/www.gfaop.org\/institut\/les-prochaines-formations-au-diagnostic-precoce\/#breadcrumb"},"inLanguage":"fr-FR","potentialAction":[{"@type":"ReadAction","target":["https:\/\/www.gfaop.org\/institut\/les-prochaines-formations-au-diagnostic-precoce\/"]}]},{"@type":"BreadcrumbList","@id":"https:\/\/www.gfaop.org\/institut\/les-prochaines-formations-au-diagnostic-precoce\/#breadcrumb","itemListElement":[{"@type":"ListItem","position":1,"name":"Accueil","item":"https:\/\/www.gfaop.org\/institut\/"},{"@type":"ListItem","position":2,"name":"Les prochaines formations au Diagnostic pr\u00e9coce"}]},{"@type":"WebSite","@id":"https:\/\/www.gfaop.org\/institut\/#website","url":"https:\/\/www.gfaop.org\/institut\/","name":"Institut Jean Lemerle","description":"","publisher":{"@id":"https:\/\/www.gfaop.org\/institut\/#organization"},"potentialAction":[{"@type":"SearchAction","target":{"@type":"EntryPoint","urlTemplate":"https:\/\/www.gfaop.org\/institut\/?s={search_term_string}"},"query-input":"required name=search_term_string"}],"inLanguage":"fr-FR"},{"@type":"Organization","@id":"https:\/\/www.gfaop.org\/institut\/#organization","name":"Institut Jean Lemerle","url":"https:\/\/www.gfaop.org\/institut\/","logo":{"@type":"ImageObject","inLanguage":"fr-FR","@id":"https:\/\/www.gfaop.org\/institut\/#\/schema\/logo\/image\/","url":"https:\/\/www.gfaop.org\/institut\/wp-content\/uploads\/sites\/3\/2024\/03\/GFAOP_Logo_Horizontal_baseline_sans_fond.png","contentUrl":"https:\/\/www.gfaop.org\/institut\/wp-content\/uploads\/sites\/3\/2024\/03\/GFAOP_Logo_Horizontal_baseline_sans_fond.png","width":6211,"height":1821,"caption":"Institut Jean Lemerle"},"image":{"@id":"https:\/\/www.gfaop.org\/institut\/#\/schema\/logo\/image\/"}}]}},"_links":{"self":[{"href":"https:\/\/www.gfaop.org\/institut\/wp-json\/wp\/v2\/pages\/764"}],"collection":[{"href":"https:\/\/www.gfaop.org\/institut\/wp-json\/wp\/v2\/pages"}],"about":[{"href":"https:\/\/www.gfaop.org\/institut\/wp-json\/wp\/v2\/types\/page"}],"author":[{"embeddable":true,"href":"https:\/\/www.gfaop.org\/institut\/wp-json\/wp\/v2\/users\/10"}],"replies":[{"embeddable":true,"href":"https:\/\/www.gfaop.org\/institut\/wp-json\/wp\/v2\/comments?post=764"}],"version-history":[{"count":76,"href":"https:\/\/www.gfaop.org\/institut\/wp-json\/wp\/v2\/pages\/764\/revisions"}],"predecessor-version":[{"id":1750,"href":"https:\/\/www.gfaop.org\/institut\/wp-json\/wp\/v2\/pages\/764\/revisions\/1750"}],"wp:attachment":[{"href":"https:\/\/www.gfaop.org\/institut\/wp-json\/wp\/v2\/media?parent=764"}],"curies":[{"name":"wp","href":"https:\/\/api.w.org\/{rel}","templated":true}]}}